{"id":7578,"date":"2022-11-29T13:00:17","date_gmt":"2022-11-29T13:00:17","guid":{"rendered":"https:\/\/hrf-2023.at2s.ch\/?page_id=7578"},"modified":"2022-11-29T13:00:18","modified_gmt":"2022-11-29T13:00:18","slug":"betrug-mit-teilnehmerlisten-en","status":"publish","type":"page","link":"https:\/\/hrf-2023.at2s.ch\/en\/fur-ausstellende-en\/das-wichtigste-in-kurze-fr\/betrug-mit-teilnehmerlisten-en\/","title":{"rendered":"Betrug mit Teilnehmerlisten EN"},"content":{"rendered":"\n<p><strong>Teilnehmerlisten-Verkaufsbetrug<\/strong><\/p>\n\n\n\n<p>Wir sind darauf aufmerksam geworden, dass Unternehmen HR FESTIVAL-Aussteller kontaktieren und behaupten, sie w\u00fcrden unsere Teilnehmerlisten anbieten. Dies kommt bei grossen Konferenzen und Messen in den letzten Jahren leider regelm\u00e4ssig vor.<\/p>\n\n\n\n<p>Die ALMA Medien AG verkauft keine Teilnehmerlisten und autorisiert auch keine Dritten, Teilnehmerlisten von Veranstaltungen zu verkaufen.<\/p>\n\n\n\n<p><strong>Wie sind die Betr\u00fcger an Ihre E-Mail-Adresse gekommen?<\/strong><br>Software-Programme k\u00f6nnen Websites auf der Suche nach E-Mail-Adressen durchforsten. Die Mailadressen sind im \u00f6ffentlichen Ausstellerverzeichnis hinterlegt. Die Teilnehmerdaten sind gesichert und k\u00f6nnen nicht gestohlen werden. Daher gibt es keine zug\u00e4nglichen Teilnehmerlisten.<\/p>\n\n\n\n<p>Wenn Sie eine E-Mail erhalten, antworten Sie nicht darauf. Indem Sie antworten, best\u00e4tigen Sie, dass Ihre E-Mail-Adresse g\u00fcltig ist. Dadurch kann sich die Wahrscheinlichkeit erh\u00f6hen, dass Sie regelm\u00e4ssig kontaktiert werden. Das gilt auch f\u00fcr die \u00abAbmelde-Mail\u00bb<\/p>\n\n\n\n<p>Beispiel-Mail:<\/p>\n\n\n\n<p><em>&#8212;&#8212;&#8212;- Forwarded message &#8212;&#8212;&#8212;<\/em><em><br>Von:&nbsp;<strong>Sophia Dustin<\/strong>&nbsp;&lt;sophia.dustin@b2bcampaignlist.com&gt;<br>Date: Fr., 28. Jan. 2022 um 09:28&nbsp;Uhr<br>Subject: RE : &#8220;HR Festival 2022 &#8211; Attendees List&#8221;<br>To: &lt;info@hrfestival.ch&gt;<\/em><em><\/em><\/p>\n\n\n\n<p><em>Hi<\/em><em><\/em><\/p>\n\n\n\n<p><em>Would you be interested in using<\/em><em>&nbsp;<\/em><strong><em>HR Festival 2022 &#8211;&nbsp;<\/em><\/strong><strong><em>Attendees List<\/em><\/strong><em>? Which Includes complete contact details and verified Email Address.<\/em><em><\/em><\/p>\n\n\n\n<p><strong><em>Our directory comes with<\/em><\/strong><em>&nbsp;Company Name, Contact Name, First Name, Last Name, Job Title, Website, Mailing Address, City, State, Zip Code, Country, Email Address, Phone Number, Fax Number, Industry, Employee Size, Revenue Size, Industry, SIC Code and many more.<\/em><em><\/em><\/p>\n\n\n\n<p><em>Please let me know if you&#8217;re looking for any other criteria, so that I can assist with the same.<\/em><em><\/em><\/p>\n\n\n\n<p><em>Look forward to hear from you soon.<\/em><em><\/em><\/p>\n\n\n\n<p><em>Services | Email List | Telemarketing List | Direct Mailing List | Data Appending | Email Campaigns&nbsp;&nbsp;<\/em><em><\/em><\/p>\n\n\n\n<p><em>Regards,<\/em><em><\/em><\/p>\n\n\n\n<p><strong><em>Lisa |&nbsp;Lead Generation |<\/em><\/strong><em><\/em><\/p>\n\n\n\n<p><strong><em>\u201cIf you do not wish to receive future&nbsp;<\/em><\/strong><em>emails<\/em><strong><em>&nbsp;from us please reply as \u201cLeave Out\u201c<\/em><\/strong><em><\/em><\/p>\n","protected":false},"excerpt":{"rendered":"<p>Teilnehmerlisten-Verkaufsbetrug Wir sind darauf aufmerksam geworden, dass Unternehmen HR FESTIVAL-Aussteller kontaktieren und behaupten, sie w\u00fcrden unsere Teilnehmerlisten anbieten. Dies kommt bei grossen Konferenzen und Messen in den letzten Jahren leider regelm\u00e4ssig vor. Die ALMA Medien AG verkauft keine Teilnehmerlisten und autorisiert auch keine Dritten, Teilnehmerlisten von Veranstaltungen zu verkaufen. Wie sind die Betr\u00fcger an Ihre [&hellip;]<\/p>\n","protected":false},"author":1,"featured_media":0,"parent":7573,"menu_order":2,"comment_status":"closed","ping_status":"closed","template":"","meta":{"ub_ctt_via":""},"featured_image_src":null,"uagb_featured_image_src":{"full":false,"thumbnail":false,"medium":false,"medium_large":false,"large":false,"1536x1536":false,"2048x2048":false},"uagb_author_info":{"display_name":"at2S-Sam","author_link":"https:\/\/hrf-2023.at2s.ch\/en\/author\/at2S-Sam\/"},"uagb_comment_info":0,"uagb_excerpt":"Teilnehmerlisten-Verkaufsbetrug Wir sind darauf aufmerksam geworden, dass Unternehmen HR FESTIVAL-Aussteller kontaktieren und behaupten, sie w\u00fcrden unsere Teilnehmerlisten anbieten. Dies kommt bei grossen Konferenzen und Messen in den letzten Jahren leider regelm\u00e4ssig vor. Die ALMA Medien AG verkauft keine Teilnehmerlisten und autorisiert auch keine Dritten, Teilnehmerlisten von Veranstaltungen zu verkaufen. Wie sind die Betr\u00fcger an Ihre&hellip;","acf":[],"_links":{"self":[{"href":"https:\/\/hrf-2023.at2s.ch\/en\/wp-json\/wp\/v2\/pages\/7578"}],"collection":[{"href":"https:\/\/hrf-2023.at2s.ch\/en\/wp-json\/wp\/v2\/pages"}],"about":[{"href":"https:\/\/hrf-2023.at2s.ch\/en\/wp-json\/wp\/v2\/types\/page"}],"author":[{"embeddable":true,"href":"https:\/\/hrf-2023.at2s.ch\/en\/wp-json\/wp\/v2\/users\/1"}],"replies":[{"embeddable":true,"href":"https:\/\/hrf-2023.at2s.ch\/en\/wp-json\/wp\/v2\/comments?post=7578"}],"version-history":[{"count":1,"href":"https:\/\/hrf-2023.at2s.ch\/en\/wp-json\/wp\/v2\/pages\/7578\/revisions"}],"predecessor-version":[{"id":7579,"href":"https:\/\/hrf-2023.at2s.ch\/en\/wp-json\/wp\/v2\/pages\/7578\/revisions\/7579"}],"up":[{"embeddable":true,"href":"https:\/\/hrf-2023.at2s.ch\/en\/wp-json\/wp\/v2\/pages\/7573"}],"wp:attachment":[{"href":"https:\/\/hrf-2023.at2s.ch\/en\/wp-json\/wp\/v2\/media?parent=7578"}],"curies":[{"name":"wp","href":"https:\/\/api.w.org\/{rel}","templated":true}]}}