{"id":1617,"date":"2020-09-03T10:09:24","date_gmt":"2020-09-03T10:09:24","guid":{"rendered":"https:\/\/hrf-2023.at2s.ch\/?page_id=1617"},"modified":"2020-09-03T10:09:40","modified_gmt":"2020-09-03T10:09:40","slug":"cg","status":"publish","type":"page","link":"https:\/\/hrf-2023.at2s.ch\/fr\/home\/cg\/","title":{"rendered":"CG"},"content":{"rendered":"\n<h2><strong>Conditions g\u00e9n\u00e9rales de vente et d\u2019utilisation pour le HR FESTIVAL Europe \u2013 enregistrement des visiteurs \/ billetterie<\/strong><\/h2>\n\n\n\n<p><\/p>\n\n\n\n<p>Le \u00abHR FESTIVAL Europe\u00bb est un \u00e9v\u00e8nement de:<\/p>\n\n\n\n<p>ALMA Medien AG<br>Hofackerstrasse 32<br>8032 Z\u00fcrich<\/p>\n\n\n\n<p>(ci-apr\u00e8s d\u00e9nomm\u00e9 \u00aborganisateur\u00bb.) L\u2019\u00e9v\u00e8nement est organis\u00e9 et r\u00e9alis\u00e9 par HR Today. La facturation s\u2019effectue via ALMA Medien AG. Les conditions g\u00e9n\u00e9rales de vente et d&rsquo;utilisation (ci-apr\u00e8s d\u00e9nomm\u00e9es \u00abAGB\u00bb) s\u2019appliquent \u00e0 la commande en ligne de tous les types de tickets de l\u2019organisateur (ci-apr\u00e8s d\u00e9nomm\u00e9s \u00abtickets\u00bb) sur le site internet de l\u2019\u00e9v\u00e8nement (ci-apr\u00e8s d\u00e9nomm\u00e9 \u00absite internet\u00bb). L\u2019organisateur se r\u00e9serve le droit de modifier les pr\u00e9sentes AGB \u00e0 tout moment, ces modifications entrent en vigueur d\u00e8s leur parution sur le site internet. L\u2019organisateur se r\u00e9serve \u00e9galement le droit de suspendre ou modifier enti\u00e8rement ou partiellement le site internet \u00e0 sa seule discr\u00e9tion et sans pr\u00e9avis. \u00c0 travers sa commande, la personne qui commande\/ach\u00e8te des tickets (ci-apr\u00e8s d\u00e9nomm\u00e9e \u00abclient\u00bb) accepte les AGB. Les conditions contradictoires du client ne sont pas valables. L\u2019\u00e9mission des tickets s\u2019effectue uniquement avec le proc\u00e9d\u00e9 print@home. Avec print@home, le client imprime son ticket lui-m\u00eame, ce qui permet d\u2019\u00e9conomiser du temps et de l\u2019argent. Pour cela, le client a uniquement besoin d&rsquo;une imprimante du commerce et de papier A4 DIN. L\u2019organisateur envoie un mail au client avec le ticket en format PDF \u00e0 l\u2019adresse indiqu\u00e9e lors de l\u2019enregistrement apr\u00e8s une commande et\/ou un achat effectu\u00e9 avec succ\u00e8s.<\/p>\n\n\n\n<h3><strong><strong>1. Parties contractantes<\/strong><\/strong><\/h3>\n\n\n\n<p>L\u2019organisateur est \u00e9galement le d\u00e9livreur des tickets. La commande gratuite ou l\u2019achat de tickets entraine des relations contractuelles exclusivement entre le client concern\u00e9 et l\u2019organisateur.<\/p>\n\n\n\n<h3><strong><strong>2. Conclusion du contrat<\/strong><\/strong><\/h3>\n\n\n\n<p>Le client soumet son offre pour la conclusion du contrat en envoyant les informations saisies dans le masque de commande, en particulier le type de ticket concern\u00e9 (ticket d\u2019entr\u00e9e, ticket pour un atelier), l\u2019adresse mail correcte et l\u2019adresse de facturation ainsi que toutes les donn\u00e9es n\u00e9cessaires au traitement des paiements en cliquant sur le bouton correspondant. Suite au passage d\u2019une commande (pour les tickets gratuits) ou l\u2019achat et le paiement en ligne effectu\u00e9s avec succ\u00e8s, le client re\u00e7oit un mail de confirmation de la part de l\u2019organisateur avec les documents PDF n\u00e9cessaires \u00e0 l\u2019impression des tickets par le proc\u00e9d\u00e9 print@home.<\/p>\n\n\n\n<h3><strong><strong>3. Retour des tickets payants \/ droit de r\u00e9traction<\/strong><\/strong><\/h3>\n\n\n\n<p>L\u2019acheteur du billet a connaissance qu\u2019il n\u2019existe pas de droit d\u2019annulation une fois l\u2019achat du billet effectu\u00e9. Si l\u2019acheteur ne peut pas assister \u00e0 l\u2019\u00e9v\u00e8nement, il peut d\u00e9signer un rempla\u00e7ant. Une exception existe uniquement pour les tickets d&rsquo;un \u00e9v\u00e8nement (a) annul\u00e9 ou (b) report\u00e9. Dans ces cas de figure, le client d\u2019origine peut exiger le remboursement du prix effectivement pay\u00e9. Les tickets ne doivent pas \u00eatre renvoy\u00e9s par la suite, mais sont automatiquement invalid\u00e9s. D\u00e8s que l&rsquo;organisateur re\u00e7oit des informations concernant l\u2019annulation ou la modification de la date d\u2019un \u00e9v\u00e8nement, il en informera le client dans les plus brefs d\u00e9lais par mail, dans la mesure o\u00f9 le client a communiqu\u00e9 une adresse mail valide lors de sa commande. Toute autre revendication est exclue. En cas de perte du ticket, le remboursement du prix d\u2019achat n\u2019est pas possible. Si le ticket print@home n\u2019a pas \u00e9t\u00e9 re\u00e7u \u00e0 cause d&rsquo;une adresse mail erron\u00e9e, veuillez vous adresser \u00e0 info@hrfestival.ch. Nous prendrons imm\u00e9diatement contact avec vous et renverrons le ticket \u00e0 l\u2019adresse correcte.<\/p>\n\n\n\n<h3><strong><strong>4. Interdiction d\u2019utilisation commerciale<\/strong><\/strong><\/h3>\n\n\n\n<p>L\u2019achat de tickets \u00e0 des fins de revente est interdit.<\/p>\n\n\n\n<h3><strong><strong>5. Modalit\u00e9s de paiement<\/strong><\/strong><\/h3>\n\n\n\n<p>Le montant total, TVA comprise, est imm\u00e9diatement exigible \u00e0 la conclusion du contrat. Les tickets restent la propri\u00e9t\u00e9 de l\u2019organisateur jusqu\u2019au paiement complet. En cas de retour de paiement, les tickets sont automatiquement invalid\u00e9s.<\/p>\n\n\n\n<h3><strong><strong>6. Proc\u00e9d\u00e9 print@home&nbsp;<\/strong><\/strong><\/h3>\n\n\n\n<p>L\u2019envoi du ticket s\u2019effectue aux risques du client, avec le mail de confirmation au moment de la conclusion du contrat par mail et en format PDF.&nbsp; Le client est tenu de v\u00e9rifier la v\u00e9racit\u00e9 et l\u2019int\u00e9gralit\u00e9 du contenu des documents PDF (c.-\u00e0-d. le nom de l\u2019\u00e9v\u00e8nement, la date, l\u2019heure, le prix ainsi que le nombre et les noms des participants) et soumettre ses r\u00e9clamations \u00e0 l\u2019organisateur dans les plus brefs d\u00e9lais. La livraison du\/des ticket(s) command\u00e9(s) avec le proc\u00e9d\u00e9 print@home s\u2019effectue directement chez le client avec l&rsquo;impression du ticket \u00e9lectronique envoy\u00e9 par mail. Le client peut uniquement imprimer un exemplaire de chaque ticket en vue d&rsquo;une utilisation conforme aux dispositions en vigueur; par ailleurs, il n\u2019est pas autoris\u00e9 \u00e0 reproduire, dupliquer ou modifier les tickets imprim\u00e9s, et ce, de quelque fa\u00e7on que ce soit. Un ticket print@home dupliqu\u00e9 ou revendu non autoris\u00e9 ne permet pas d&rsquo;acc\u00e9der \u00e0 l\u2019\u00e9v\u00e8nement. Le code-barre et code QR pr\u00e9sent sur le document est valable une seule fois et est valid\u00e9 sur le lieu de l\u2019\u00e9v\u00e8nement par scanner. Il est donc exclu, par exemple, que la reproduction du code-barre puisse permettre \u00e0 plusieurs personnes d\u2019acc\u00e9der \u00e0 l&rsquo;\u00e9v\u00e8nement avec le m\u00eame code-barre. En cas de d\u00e9couverte de copies d\u2019un ticket print@home, l\u2019organisateur se r\u00e9serve le droit d&rsquo;interdire l\u2019acc\u00e8s \u00e0 l\u2019\u00e9v\u00e8nement aux d\u00e9tenteurs de copies ou aux d\u00e9tenteurs de tickets print@home dupliqu\u00e9s sans autorisation. De plus, l\u2019organisateur se r\u00e9serve le droit d\u2019exiger du client dont le ticket a \u00e9t\u00e9 reproduit sans autorisation qu&rsquo;il paie le montant total des tickets print@home reproduits. L\u2019organisateur d\u00e9cline toute responsabilit\u00e9 face aux d\u00e9sagr\u00e9ments caus\u00e9s par la reproduction non autoris\u00e9e ou l\u2019utilisation abusive de tickets print@home. L\u2019organisateur d\u00e9cline toute responsabilit\u00e9 en cas de perte ou utilisation abusive du ticket.<\/p>\n\n\n\n<h3><strong><strong>7. Sur le lieu de l\u2019\u00e9v\u00e8nement \/ sur site<\/strong><\/strong><\/h3>\n\n\n\n<h4><strong><strong>a. Enregistrement audio, photos et vid\u00e9os<\/strong><\/strong><\/h4>\n\n\n\n<p>Sur le lieu de l\u2019\u00e9v\u00e8nement (keynotes et ateliers), les enregistrements audio et vid\u00e9os effectu\u00e9s par le visiteur sont interdits pour des raisons de droits d\u2019auteur. Au cas o\u00f9 l\u2019organisateur prend des photos de personnes ou effectue des enregistrements audio autoris\u00e9s dans le cadre de l\u2019\u00e9v\u00e8nement, la participation \u00e0 l\u2019\u00e9v\u00e8nement induit l\u2019autorisation de l\u2019utilisation de tous les canaux de vente et de diffusion conformes aux droits d\u2019utilisation et de publication concernant les enregistrements audio, photos et vid\u00e9os.<\/p>\n\n\n\n<h4><strong><strong>b. Badge nominatif<\/strong><\/strong><\/h4>\n\n\n\n<p>Les tickets sont personnalis\u00e9s et se composent d&rsquo;une partie informative et d&rsquo;un badge nominatif. Le badge nominatif l\u00e9gitime la pr\u00e9sence du visiteur sur place, donne acc\u00e8s \u00e0 l\u2019\u00e9v\u00e8nement et doit donc toujours \u00eatre visible. Le badge nominatif comprend les donn\u00e9es personnelles suivantes recueillies lors de la commande en ligne sur le site internet: pr\u00e9nom, nom, position, nom de l\u2019entreprise Le code-barre \/ code QR est un autre \u00e9l\u00e9ment composant le badge nominatif pour le droit d\u2019entr\u00e9e qui peut \u00eatre contr\u00f4l\u00e9 et valid\u00e9 par l\u2019organisateur sur le lieu de l\u2019\u00e9v\u00e8nement en scannant le code-barre sur place.<\/p>\n\n\n\n<h3><strong>8. Remarque concernant le traitement des donn\u00e9es \u00e0 caract\u00e8re personnel du client<br>(d\u00e9claration de confidentialit\u00e9)<\/strong><strong><\/strong><\/h3>\n\n\n\n<p>Les donn\u00e9es \u00e0 caract\u00e8re personnel saisies par le client sur cette page sont utilis\u00e9es pour contacter le client par mail et, lorsque le client a accept\u00e9 de recevoir la newsletter lors de son enregistrement, l\u2019informer r\u00e9guli\u00e8rement sur les \u00e9v\u00e8nements \u00e0 venir. L\u2019organisateur rappelle au client que ses donn\u00e9es sont ensuite trait\u00e9es pour l\u2019ex\u00e9cution du contrat (facturation, mention de r\u00e9ception de paiement, cr\u00e9ation automatique du ticket print@home) et le d\u00e9roulement de l\u2019\u00e9v\u00e8nement (contr\u00f4le et identification du client et validation des tickets sur le lieu de l\u2019\u00e9v\u00e8nement), enregistr\u00e9es et modifi\u00e9es dans les syst\u00e8mes de l\u2019organisateur dans la mesure n\u00e9cessaire. Les donn\u00e9es \u00e0 caract\u00e8re personnel du client ne sont pas transmises \u00e0 des tiers!<\/p>\n\n\n\n<h3><strong><strong>9. Juridiction comp\u00e9tente et droit applicable<\/strong><\/strong><\/h3>\n\n\n\n<p>Les relations contractuelles entre le client et ALMA Medien AG rel\u00e8vent du droit mat\u00e9riel suisse \u00e0 l\u2019exclusion de la Convention des Nations unies sur les contrats de vente internationale de marchandises du 11 avril 1980. En ce qui concerne les litiges r\u00e9sultants des pr\u00e9sentes relations contractuelles, c\u2019est le tribunal ordinaire de Zurich qui est comp\u00e9tent.<\/p>\n\n\n\n<p>ALMA Medien AG August 2020<\/p>\n","protected":false},"excerpt":{"rendered":"<p>Conditions g\u00e9n\u00e9rales de vente et d\u2019utilisation pour le HR FESTIVAL Europe \u2013 enregistrement des visiteurs \/ billetterie Le \u00abHR FESTIVAL Europe\u00bb est un \u00e9v\u00e8nement de: ALMA Medien AGHofackerstrasse 328032 Z\u00fcrich (ci-apr\u00e8s d\u00e9nomm\u00e9 \u00aborganisateur\u00bb.) L\u2019\u00e9v\u00e8nement est organis\u00e9 et r\u00e9alis\u00e9 par HR Today. La facturation s\u2019effectue via ALMA Medien AG. Les conditions g\u00e9n\u00e9rales de vente et d&rsquo;utilisation [&hellip;]<\/p>\n","protected":false},"author":1,"featured_media":0,"parent":61,"menu_order":1,"comment_status":"closed","ping_status":"closed","template":"","meta":{"ub_ctt_via":""},"featured_image_src":null,"uagb_featured_image_src":{"full":false,"thumbnail":false,"medium":false,"medium_large":false,"large":false,"1536x1536":false,"2048x2048":false},"uagb_author_info":{"display_name":"at2S-Sam","author_link":"https:\/\/hrf-2023.at2s.ch\/fr\/author\/at2S-Sam\/"},"uagb_comment_info":0,"uagb_excerpt":"Conditions g\u00e9n\u00e9rales de vente et d\u2019utilisation pour le HR FESTIVAL Europe \u2013 enregistrement des visiteurs \/ billetterie Le \u00abHR FESTIVAL Europe\u00bb est un \u00e9v\u00e8nement de: ALMA Medien AGHofackerstrasse 328032 Z\u00fcrich (ci-apr\u00e8s d\u00e9nomm\u00e9 \u00aborganisateur\u00bb.) L\u2019\u00e9v\u00e8nement est organis\u00e9 et r\u00e9alis\u00e9 par HR Today. La facturation s\u2019effectue via ALMA Medien AG. Les conditions g\u00e9n\u00e9rales de vente et d&rsquo;utilisation\u2026","acf":[],"_links":{"self":[{"href":"https:\/\/hrf-2023.at2s.ch\/fr\/wp-json\/wp\/v2\/pages\/1617"}],"collection":[{"href":"https:\/\/hrf-2023.at2s.ch\/fr\/wp-json\/wp\/v2\/pages"}],"about":[{"href":"https:\/\/hrf-2023.at2s.ch\/fr\/wp-json\/wp\/v2\/types\/page"}],"author":[{"embeddable":true,"href":"https:\/\/hrf-2023.at2s.ch\/fr\/wp-json\/wp\/v2\/users\/1"}],"replies":[{"embeddable":true,"href":"https:\/\/hrf-2023.at2s.ch\/fr\/wp-json\/wp\/v2\/comments?post=1617"}],"version-history":[{"count":2,"href":"https:\/\/hrf-2023.at2s.ch\/fr\/wp-json\/wp\/v2\/pages\/1617\/revisions"}],"predecessor-version":[{"id":1619,"href":"https:\/\/hrf-2023.at2s.ch\/fr\/wp-json\/wp\/v2\/pages\/1617\/revisions\/1619"}],"up":[{"embeddable":true,"href":"https:\/\/hrf-2023.at2s.ch\/fr\/wp-json\/wp\/v2\/pages\/61"}],"wp:attachment":[{"href":"https:\/\/hrf-2023.at2s.ch\/fr\/wp-json\/wp\/v2\/media?parent=1617"}],"curies":[{"name":"wp","href":"https:\/\/api.w.org\/{rel}","templated":true}]}}