{"id":2931,"date":"2021-01-05T17:09:34","date_gmt":"2021-01-05T17:09:34","guid":{"rendered":"https:\/\/hrf-2023.at2s.ch\/medien\/"},"modified":"2022-08-23T09:09:02","modified_gmt":"2022-08-23T09:09:02","slug":"medias","status":"publish","type":"page","link":"https:\/\/hrf-2023.at2s.ch\/fr\/infos\/medias\/","title":{"rendered":"M\u00e9dias"},"content":{"rendered":"\n<p>Vous trouverez ici toutes les informations et les t\u00e9l\u00e9chargements importants pour vos rapports.<\/p>\n\n\n\n<p>Pour toute question ou demande de photos, veuillez contacter l&rsquo;\u00e9quipe du HR FESTIVAL &#8211; <a rel=\"noreferrer noopener\" href=\"mailto:info@hrfestival.ch\" target=\"_blank\">info@hrfestival.ch<\/a> ou +41 44 269 50 10.<\/p>\n\n\n\n<p><a href=\"https:\/\/hrf-2023.at2s.ch\/fr\/infos\/medias\/presse\/\" data-type=\"URL\" data-id=\"https:\/\/hrf-2023.at2s.ch\/fr\/infos\/medias\/presse\/\" target=\"_blank\" rel=\"noreferrer noopener\">Presse<\/a><\/p>\n","protected":false},"excerpt":{"rendered":"<p>Vous trouverez ici toutes les informations et les t\u00e9l\u00e9chargements importants pour vos rapports. Pour toute question ou demande de photos, veuillez contacter l&rsquo;\u00e9quipe du HR FESTIVAL &#8211; info@hrfestival.ch ou +41 44 269 50 10. Presse<\/p>\n","protected":false},"author":3,"featured_media":0,"parent":1935,"menu_order":4,"comment_status":"closed","ping_status":"closed","template":"","meta":{"ub_ctt_via":""},"featured_image_src":null,"uagb_featured_image_src":{"full":false,"thumbnail":false,"medium":false,"medium_large":false,"large":false,"1536x1536":false,"2048x2048":false},"uagb_author_info":{"display_name":"Franziska Luginbuehl","author_link":"https:\/\/hrf-2023.at2s.ch\/fr\/author\/franziska-luginbuehl\/"},"uagb_comment_info":0,"uagb_excerpt":"Vous trouverez ici toutes les informations et les t\u00e9l\u00e9chargements importants pour vos rapports. Pour toute question ou demande de photos, veuillez contacter l&rsquo;\u00e9quipe du HR FESTIVAL &#8211; info@hrfestival.ch ou +41 44 269 50 10. Presse","acf":[],"_links":{"self":[{"href":"https:\/\/hrf-2023.at2s.ch\/fr\/wp-json\/wp\/v2\/pages\/2931"}],"collection":[{"href":"https:\/\/hrf-2023.at2s.ch\/fr\/wp-json\/wp\/v2\/pages"}],"about":[{"href":"https:\/\/hrf-2023.at2s.ch\/fr\/wp-json\/wp\/v2\/types\/page"}],"author":[{"embeddable":true,"href":"https:\/\/hrf-2023.at2s.ch\/fr\/wp-json\/wp\/v2\/users\/3"}],"replies":[{"embeddable":true,"href":"https:\/\/hrf-2023.at2s.ch\/fr\/wp-json\/wp\/v2\/comments?post=2931"}],"version-history":[{"count":9,"href":"https:\/\/hrf-2023.at2s.ch\/fr\/wp-json\/wp\/v2\/pages\/2931\/revisions"}],"predecessor-version":[{"id":7075,"href":"https:\/\/hrf-2023.at2s.ch\/fr\/wp-json\/wp\/v2\/pages\/2931\/revisions\/7075"}],"up":[{"embeddable":true,"href":"https:\/\/hrf-2023.at2s.ch\/fr\/wp-json\/wp\/v2\/pages\/1935"}],"wp:attachment":[{"href":"https:\/\/hrf-2023.at2s.ch\/fr\/wp-json\/wp\/v2\/media?parent=2931"}],"curies":[{"name":"wp","href":"https:\/\/api.w.org\/{rel}","templated":true}]}}